{"id":4013,"date":"2019-04-23T17:33:59","date_gmt":"2019-04-23T15:33:59","guid":{"rendered":"https:\/\/www.albimobles.com\/?page_id=4013"},"modified":"2022-03-14T01:43:11","modified_gmt":"2022-03-13T23:43:11","slug":"aviso-legal","status":"publish","type":"page","link":"https:\/\/albimobles.com\/en\/aviso-legal\/","title":{"rendered":"Legal Warning"},"content":{"rendered":"<div class=\"wpb-content-wrapper\"><p>[vc_row css=&#8221;.vc_custom_1556037683230{padding-top: 40px !important;}&#8221;][vc_column][vc_column_text]<\/p>\n<h1 class=\"widget-title\"><strong>Aviso Legal<\/strong><\/h1>\n<h2><strong>CONDICIONES GENERALES DE USO Y DATOS DEL RESPONSABLE<\/strong><\/h2>\n<p>El presente aviso e informaci\u00f3n legal regula el uso del sitio web bajo el dominio:\u00a0<strong>albimobles.com<\/strong>.<\/p>\n<p>En cumplimiento del deber de informaci\u00f3n que establece la Ley 34\/2002, de 11 de julio, de\u00a0<i>Servicios de la Sociedad de la Informaci\u00f3n y del Comercio Electr\u00f3nico<\/i>, le comunicamos que la presente web es titularidad de:<\/p>\n<p style=\"text-align: center;\"><strong>Albi Mobles<\/strong>\u00a0(Responsable del Tratamiento), con CIF\/NIF\u00a0<strong>NA<\/strong>, y domicilio social en\u00a0<strong>Calle Pr\u00edncipe de Asturias, 19, CP. 03730, J\u00e1vea\/X\u00e0bia (Alicante\/Alacant)<\/strong>.<\/p>\n<p><strong>Datos de contacto:<\/strong><\/p>\n<div><i>Tel\u00e9fono<\/i>: 96 579 00 89<\/div>\n<div><i>Email<\/i>: albimobles@hotmail.com<\/div>\n<h2><\/h2>\n<h2><strong>OBJETO<\/strong><\/h2>\n<p><strong>Albi Mobles<\/strong>\u00a0pone a disposici\u00f3n de los usuarios el presente documento con el que pretende dar cumplimiento de lo dispuesto por la normativa vigente en materia de Protecci\u00f3n de Datos, y en el contexto del nuevo marco normativo establecido en virtud de lo dispuesto en el Reglamento (UE) 2016\/679 del Parlamento Europeo y del Consejo, de 27 de abril de 2016, relativo a la protecci\u00f3n de las personas f\u00edsicas en lo que respecta al tratamiento de datos personales y a la libre circulaci\u00f3n de estos datos (en adelante, el RGPD), y la normativa nacional de 3\/2018, de 5 de diciembre,\u00a0<i>Ley Org\u00e1nica de Protecci\u00f3n de Datos Personales y Garant\u00eda de los Derechos Digitales<\/i>\u00a0(LOPDGDD), as\u00ed como informar a todos los usuarios del sitio web respecto a cu\u00e1les son las condiciones de uso del mismo.<\/p>\n<p>Toda persona que acceda a este sitio web asume el papel de usuario, comprometi\u00e9ndose a la observancia y cumplimiento riguroso de las disposiciones aqu\u00ed dispuestas, as\u00ed como a cualquier otra disposici\u00f3n legal que fuera de aplicaci\u00f3n.<\/p>\n<p><strong>Albi Mobles<\/strong>\u00a0se reserva el derecho a modificar cualquier tipo de informaci\u00f3n que pudiera aparecer en el sitio web, sin que exista obligaci\u00f3n de preavisar o poner en conocimiento de los usuarios dichas obligaciones, entendi\u00e9ndose como suficiente con la publicaci\u00f3n en el sitio web de\u00a0<strong>Albi Mobles<\/strong>.<\/p>\n<p><strong>Albi Mobles<\/strong>\u00a0puede ofrecer a trav\u00e9s de la p\u00e1gina web servicios que podr\u00e1n encontrarse sometidos a unas condiciones particulares propias sobre las cuales se informar\u00e1 al usuario en cada caso concreto.<\/p>\n<h4><\/h4>\n<h2><strong>RESPONSABILIDAD<\/strong><\/h2>\n<p><strong>Albi Mobles<\/strong>\u00a0se exime de cualquier tipo de responsabilidad derivada de la informaci\u00f3n publicada en su sitio web, siempre que esta informaci\u00f3n haya sido manipulada o introducida por un tercero ajeno al mismo.<\/p>\n<p>Queda prohibido el uso de la web, con fines il\u00edcitos o lesivos, o que, de cualquier forma, puedan causar perjuicio o impedir el normal funcionamiento del sitio web. Respecto de los contenidos de esta web, se proh\u00edbe:<\/p>\n<ul>\n<li>Su reproducci\u00f3n, distribuci\u00f3n o modificaci\u00f3n, total o parcial, a menos que se cuente con mi autorizaci\u00f3n como leg\u00edtimo titular<\/li>\n<li>Cualquier vulneraci\u00f3n de los derechos del prestador o de mi como leg\u00edtimo titular<\/li>\n<li>Su utilizaci\u00f3n para fines comerciales o publicitarios<\/li>\n<\/ul>\n<h4><\/h4>\n<h2><strong>EMPLEO DE COOKIES<\/strong><\/h2>\n<p><strong>Albi Mobles<\/strong>\u00a0podr\u00e1 utilizar cookies para personalizar y facilitar al m\u00e1ximo la navegaci\u00f3n del usuario por su sitio web. Las cookies se asocian \u00fanicamente a un usuario an\u00f3nimo y su ordenador y no proporcionan referencias que permitan deducir datos personales del usuario. El usuario podr\u00e1 configurar su navegador para que notifique y rechace la instalaci\u00f3n de las cookies enviadas por\u00a0<strong>Albi Mobles<\/strong>, sin que ello perjudique la posibilidad del usuario de acceder a los contenidos.<\/p>\n<p>Para m\u00e1s informaci\u00f3n consulte nuestra\u00a0<strong>Pol\u00edtica de cookies<\/strong>.<\/p>\n<h4><\/h4>\n<h2><strong>POL\u00cdTICA DE ENLACES<\/strong><\/h2>\n<p>Desde el presente sitio web es posible que se redirija a contenidos de terceros sitios web. Dado que\u00a0<strong>Albi Mobles<\/strong>\u00a0no puede controlar siempre los contenidos introducidos por los terceros en sus sitios web, \u00e9ste no asume ning\u00fan tipo de responsabilidad respecto a dichos contenidos. En todo caso,\u00a0<strong>Albi Mobles<\/strong>\u00a0manifiesta que proceder\u00e1 a la retirada inmediata de cualquier contenido que pudiera contravenir la legislaci\u00f3n nacional o internacional, la moral o el orden p\u00fablico, procediendo a la retirada inmediata de la redirecci\u00f3n a dicho sitio web, poniendo en conocimiento de las autoridades competentes el contenido en cuesti\u00f3n.<\/p>\n<p><strong>Albi Mobles<\/strong>\u00a0no se hace responsable de la informaci\u00f3n y contenidos almacenados, a t\u00edtulo enunciativo, pero no limitativo, en foros, chat&#8217;s, generadores de blogs, comentarios, redes sociales o cualquier otro medio que permita a terceros publicar contenidos de forma independiente en la p\u00e1gina web de\u00a0<strong>Albi Mobles<\/strong>. No obstante, y en cumplimiento de lo dispuesto en el art. 11 y 16 de la LSSICE,\u00a0<strong>Albi Mobles<\/strong>\u00a0se pone a disposici\u00f3n de todos los usuarios, autoridades y fuerzas de seguridad, colaborando de forma activa en la retirada o en su caso bloqueo de todos aquellos contenidos que pudieran afectar o contravenir la legislaci\u00f3n nacional, o internacional, derechos de terceros o la moral y el orden p\u00fablico. En caso de que el usuario considere que existe en el sitio web alg\u00fan contenido que pudiera ser susceptible de esta clasificaci\u00f3n, se ruega lo notifique de forma inmediata al administrador del sitio web.<\/p>\n<h4><\/h4>\n<h2><strong>PROTECCI\u00d3N DE DATOS<\/strong><\/h2>\n<p><strong>Albi Mobles<\/strong>\u00a0cumple con las directrices de la normativa nacional Ley Org\u00e1nica 3\/2018, de 5 de diciembre, de\u00a0<i>Protecci\u00f3n de Datos Personales y Garant\u00eda de los Derechos Digitales<\/i>\u00a0(LOPDGDD), el Reglamento (UE) 2016\/679 del Parlamento Europeo y del Consejo de 27 de abril de 2016 relativo a la protecci\u00f3n de las personas f\u00edsicas (RGPD) y dem\u00e1s normativas vigentes en cada momento, y vela por garantizar un correcto uso y tratamiento de los datos personales del usuario.<\/p>\n<p>Asimismo,\u00a0<strong>Albi Mobles<\/strong>\u00a0informa que da cumplimiento a la Ley 34\/2002 de 11 de julio, de\u00a0<i>Servicios de la Sociedad de la Informaci\u00f3n y el Comercio Electr\u00f3nico<\/i>\u00a0y le solicitar\u00e1 su consentimiento al tratamiento de sus datos con fines comerciales en cada momento.<\/p>\n<h4><\/h4>\n<h2><strong>PROPIEDAD INTELECTUAL E INDUSTRIAL<\/strong><\/h2>\n<p>Todos los contenidos del sitio web se encuentran debidamente protegidos por la normativa de propiedad intelectual e industrial.<\/p>\n<p>Independientemente de la finalidad para la que fueran destinados, la reproducci\u00f3n total o parcial, uso, explotaci\u00f3n, distribuci\u00f3n y comercializaci\u00f3n, requiere en todo caso de la autorizaci\u00f3n escrita previa por parte de\u00a0<strong>Albi Mobles<\/strong>. Cualquier uso no autorizado previamente por parte de\u00a0<strong>Albi Mobles <\/strong>ser\u00e1 considerado un incumplimiento grave de los derechos de propiedad intelectual o industrial del autor.<\/p>\n<p>Los dise\u00f1os, logotipos, texto y\/o gr\u00e1ficos ajenos al prestador y que pudieran aparecer en el sitio web, pertenecen a sus respectivos propietarios, siendo ellos mismos responsables de cualquier posible controversia que pudiera suscitarse respecto a los mismos. En todo caso,\u00a0<strong>Albi Mobles <\/strong>cuenta con la autorizaci\u00f3n expresa y previa por parte de los mismos.<\/p>\n<p>Para realizar cualquier tipo de observaci\u00f3n respecto a posibles incumplimientos de los derechos de propiedad intelectual o industrial, as\u00ed como sobre cualquiera de los contenidos del sitio web, puede hacerlo a trav\u00e9s del siguiente correo electr\u00f3nico:\u00a0<strong>albimobles@hotmail.com<\/strong>.<\/p>\n<h2><strong>LEY APLICABLE Y JURISDICCI\u00d3N<\/strong><\/h2>\n<p>En el supuesto de que surja cualquier conflicto o discrepancia en la interpretaci\u00f3n o aplicaci\u00f3n del presente Aviso Legal, los Juzgados y Tribunales que, en su caso, conocer\u00e1n del asunto, ser\u00e1n los que disponga la normativa legal aplicable en materia de jurisdicci\u00f3n competente, en la que se atiende, trat\u00e1ndose de consumidores finales, al lugar en que \u00e9stos tengan su residencia habitual.<\/p>\n<p>En el caso de que se trate de una empresa, ambas partes se someten, con renuncia expresa a cualquier otro fuero, a los\u00a0<strong>Juzgados y Tribunales de J\u00e1vea\/X\u00e0bia<\/strong>\u00a0(Alicante\/Alacant).[\/vc_column_text][\/vc_column][\/vc_row]<\/p>\n<\/div>","protected":false},"excerpt":{"rendered":"<p>[vc_row css=&#8221;.vc_custom_1556037683230{padding-top: 40px !important;}&#8221;][vc_column][vc_column_text] Aviso Legal CONDICIONES GENERALES DE USO Y DATOS DEL RESPONSABLE El presente aviso e informaci\u00f3n legal regula el uso del sitio web bajo el dominio:\u00a0albimobles.com. En cumplimiento del deber de informaci\u00f3n que establece la Ley 34\/2002, de 11 de julio, de\u00a0Servicios de la Sociedad de la Informaci\u00f3n y del Comercio Electr\u00f3nico, [&hellip;]<\/p>\n","protected":false},"author":1,"featured_media":0,"parent":0,"menu_order":0,"comment_status":"closed","ping_status":"closed","template":"","meta":{"footnotes":""},"class_list":["post-4013","page","type-page","status-publish","hentry"],"yoast_head":"<!-- This site is optimized with the Yoast SEO plugin v27.4 - https:\/\/yoast.com\/product\/yoast-seo-wordpress\/ -->\n<title>Legal Warning - Albi Mobles<\/title>\n<meta name=\"robots\" content=\"index, follow, max-snippet:-1, max-image-preview:large, max-video-preview:-1\" \/>\n<link rel=\"canonical\" href=\"https:\/\/albimobles.com\/en\/aviso-legal\/\" \/>\n<meta property=\"og:locale\" content=\"en_US\" \/>\n<meta property=\"og:type\" content=\"article\" \/>\n<meta property=\"og:title\" content=\"Legal Warning - Albi Mobles\" \/>\n<meta property=\"og:description\" content=\"[vc_row css=&#8221;.vc_custom_1556037683230{padding-top: 40px !important;}&#8221;][vc_column][vc_column_text] Aviso Legal CONDICIONES GENERALES DE USO Y DATOS DEL RESPONSABLE El presente aviso e informaci\u00f3n legal regula el uso del sitio web bajo el dominio:\u00a0albimobles.com. En cumplimiento del deber de informaci\u00f3n que establece la Ley 34\/2002, de 11 de julio, de\u00a0Servicios de la Sociedad de la Informaci\u00f3n y del Comercio Electr\u00f3nico, [&hellip;]\" \/>\n<meta property=\"og:url\" content=\"https:\/\/albimobles.com\/en\/aviso-legal\/\" \/>\n<meta property=\"og:site_name\" content=\"Albi Mobles\" \/>\n<meta property=\"article:publisher\" content=\"https:\/\/es-es.facebook.com\/AlbiMobles\/\" \/>\n<meta property=\"article:modified_time\" content=\"2022-03-13T23:43:11+00:00\" \/>\n<meta name=\"twitter:card\" content=\"summary_large_image\" \/>\n<meta name=\"twitter:label1\" content=\"Est. reading time\" \/>\n\t<meta name=\"twitter:data1\" content=\"13 minutes\" \/>\n<script type=\"application\/ld+json\" class=\"yoast-schema-graph\">{\"@context\":\"https:\\\/\\\/schema.org\",\"@graph\":[{\"@type\":\"WebPage\",\"@id\":\"https:\\\/\\\/albimobles.com\\\/en\\\/aviso-legal\\\/\",\"url\":\"https:\\\/\\\/albimobles.com\\\/en\\\/aviso-legal\\\/\",\"name\":\"Legal Warning - Albi Mobles\",\"isPartOf\":{\"@id\":\"https:\\\/\\\/albimobles.com\\\/en\\\/#website\"},\"datePublished\":\"2019-04-23T15:33:59+00:00\",\"dateModified\":\"2022-03-13T23:43:11+00:00\",\"breadcrumb\":{\"@id\":\"https:\\\/\\\/albimobles.com\\\/en\\\/aviso-legal\\\/#breadcrumb\"},\"inLanguage\":\"en-US\",\"potentialAction\":[{\"@type\":\"ReadAction\",\"target\":[[\"https:\\\/\\\/albimobles.com\\\/en\\\/aviso-legal\\\/\"]]}]},{\"@type\":\"BreadcrumbList\",\"@id\":\"https:\\\/\\\/albimobles.com\\\/en\\\/aviso-legal\\\/#breadcrumb\",\"itemListElement\":[{\"@type\":\"ListItem\",\"position\":1,\"name\":\"Home\",\"item\":\"https:\\\/\\\/albimobles.com\\\/en\\\/\"},{\"@type\":\"ListItem\",\"position\":2,\"name\":\"Aviso Legal\"}]},{\"@type\":\"WebSite\",\"@id\":\"https:\\\/\\\/albimobles.com\\\/en\\\/#website\",\"url\":\"https:\\\/\\\/albimobles.com\\\/en\\\/\",\"name\":\"Albi Mobles | Muebles y decoraci\u00f3n en J\u00e1vea \\\/ X\u00e0bia\",\"description\":\"Furniture and decoration in J\u00e1vea \\\/ X\u00e0bia\",\"publisher\":{\"@id\":\"https:\\\/\\\/albimobles.com\\\/en\\\/#organization\"},\"potentialAction\":[{\"@type\":\"SearchAction\",\"target\":{\"@type\":\"EntryPoint\",\"urlTemplate\":\"https:\\\/\\\/albimobles.com\\\/en\\\/?s={search_term_string}\"},\"query-input\":{\"@type\":\"PropertyValueSpecification\",\"valueRequired\":true,\"valueName\":\"search_term_string\"}}],\"inLanguage\":\"en-US\"},{\"@type\":\"Organization\",\"@id\":\"https:\\\/\\\/albimobles.com\\\/en\\\/#organization\",\"name\":\"Albi Mobles\",\"url\":\"https:\\\/\\\/albimobles.com\\\/en\\\/\",\"logo\":{\"@type\":\"ImageObject\",\"inLanguage\":\"en-US\",\"@id\":\"https:\\\/\\\/albimobles.com\\\/en\\\/#\\\/schema\\\/logo\\\/image\\\/\",\"url\":\"https:\\\/\\\/albimobles.com\\\/wp-content\\\/uploads\\\/2019\\\/04\\\/logo.png\",\"contentUrl\":\"https:\\\/\\\/albimobles.com\\\/wp-content\\\/uploads\\\/2019\\\/04\\\/logo.png\",\"width\":156,\"height\":99,\"caption\":\"Albi Mobles\"},\"image\":{\"@id\":\"https:\\\/\\\/albimobles.com\\\/en\\\/#\\\/schema\\\/logo\\\/image\\\/\"},\"sameAs\":[\"https:\\\/\\\/es-es.facebook.com\\\/AlbiMobles\\\/\"]}]}<\/script>\n<!-- \/ Yoast SEO plugin. -->","yoast_head_json":{"title":"Legal Warning - Albi Mobles","robots":{"index":"index","follow":"follow","max-snippet":"max-snippet:-1","max-image-preview":"max-image-preview:large","max-video-preview":"max-video-preview:-1"},"canonical":"https:\/\/albimobles.com\/en\/aviso-legal\/","og_locale":"en_US","og_type":"article","og_title":"Legal Warning - Albi Mobles","og_description":"[vc_row css=&#8221;.vc_custom_1556037683230{padding-top: 40px !important;}&#8221;][vc_column][vc_column_text] Aviso Legal CONDICIONES GENERALES DE USO Y DATOS DEL RESPONSABLE El presente aviso e informaci\u00f3n legal regula el uso del sitio web bajo el dominio:\u00a0albimobles.com. En cumplimiento del deber de informaci\u00f3n que establece la Ley 34\/2002, de 11 de julio, de\u00a0Servicios de la Sociedad de la Informaci\u00f3n y del Comercio Electr\u00f3nico, [&hellip;]","og_url":"https:\/\/albimobles.com\/en\/aviso-legal\/","og_site_name":"Albi Mobles","article_publisher":"https:\/\/es-es.facebook.com\/AlbiMobles\/","article_modified_time":"2022-03-13T23:43:11+00:00","twitter_card":"summary_large_image","twitter_misc":{"Est. reading time":"13 minutes"},"schema":{"@context":"https:\/\/schema.org","@graph":[{"@type":"WebPage","@id":"https:\/\/albimobles.com\/en\/aviso-legal\/","url":"https:\/\/albimobles.com\/en\/aviso-legal\/","name":"Legal Warning - Albi Mobles","isPartOf":{"@id":"https:\/\/albimobles.com\/en\/#website"},"datePublished":"2019-04-23T15:33:59+00:00","dateModified":"2022-03-13T23:43:11+00:00","breadcrumb":{"@id":"https:\/\/albimobles.com\/en\/aviso-legal\/#breadcrumb"},"inLanguage":"en-US","potentialAction":[{"@type":"ReadAction","target":[["https:\/\/albimobles.com\/en\/aviso-legal\/"]]}]},{"@type":"BreadcrumbList","@id":"https:\/\/albimobles.com\/en\/aviso-legal\/#breadcrumb","itemListElement":[{"@type":"ListItem","position":1,"name":"Home","item":"https:\/\/albimobles.com\/en\/"},{"@type":"ListItem","position":2,"name":"Aviso Legal"}]},{"@type":"WebSite","@id":"https:\/\/albimobles.com\/en\/#website","url":"https:\/\/albimobles.com\/en\/","name":"Albi Mobles | Muebles y decoraci\u00f3n en J\u00e1vea \/ X\u00e0bia","description":"Furniture and decoration in J\u00e1vea \/ X\u00e0bia","publisher":{"@id":"https:\/\/albimobles.com\/en\/#organization"},"potentialAction":[{"@type":"SearchAction","target":{"@type":"EntryPoint","urlTemplate":"https:\/\/albimobles.com\/en\/?s={search_term_string}"},"query-input":{"@type":"PropertyValueSpecification","valueRequired":true,"valueName":"search_term_string"}}],"inLanguage":"en-US"},{"@type":"Organization","@id":"https:\/\/albimobles.com\/en\/#organization","name":"Albi Mobles","url":"https:\/\/albimobles.com\/en\/","logo":{"@type":"ImageObject","inLanguage":"en-US","@id":"https:\/\/albimobles.com\/en\/#\/schema\/logo\/image\/","url":"https:\/\/albimobles.com\/wp-content\/uploads\/2019\/04\/logo.png","contentUrl":"https:\/\/albimobles.com\/wp-content\/uploads\/2019\/04\/logo.png","width":156,"height":99,"caption":"Albi Mobles"},"image":{"@id":"https:\/\/albimobles.com\/en\/#\/schema\/logo\/image\/"},"sameAs":["https:\/\/es-es.facebook.com\/AlbiMobles\/"]}]}},"_links":{"self":[{"href":"https:\/\/albimobles.com\/en\/wp-json\/wp\/v2\/pages\/4013","targetHints":{"allow":["GET"]}}],"collection":[{"href":"https:\/\/albimobles.com\/en\/wp-json\/wp\/v2\/pages"}],"about":[{"href":"https:\/\/albimobles.com\/en\/wp-json\/wp\/v2\/types\/page"}],"author":[{"embeddable":true,"href":"https:\/\/albimobles.com\/en\/wp-json\/wp\/v2\/users\/1"}],"replies":[{"embeddable":true,"href":"https:\/\/albimobles.com\/en\/wp-json\/wp\/v2\/comments?post=4013"}],"version-history":[{"count":14,"href":"https:\/\/albimobles.com\/en\/wp-json\/wp\/v2\/pages\/4013\/revisions"}],"predecessor-version":[{"id":5550,"href":"https:\/\/albimobles.com\/en\/wp-json\/wp\/v2\/pages\/4013\/revisions\/5550"}],"wp:attachment":[{"href":"https:\/\/albimobles.com\/en\/wp-json\/wp\/v2\/media?parent=4013"}],"curies":[{"name":"wp","href":"https:\/\/api.w.org\/{rel}","templated":true}]}}