{"id":3475,"date":"2018-01-16T16:08:18","date_gmt":"2018-01-16T16:08:18","guid":{"rendered":"http:\/\/wp.themedemo.co\/napoli\/?page_id=3475"},"modified":"2025-10-27T19:46:33","modified_gmt":"2025-10-27T17:46:33","slug":"albi-mobles","status":"publish","type":"page","link":"https:\/\/albimobles.com\/en\/albi-mobles\/","title":{"rendered":"Albi Mobles"},"content":{"rendered":"<div class=\"wpb-content-wrapper\"><p><\/p>\n<p>[vc_row full_width=&#8221;stretch_row&#8221; equal_height=&#8221;yes&#8221; css=&#8221;.vc_custom_1753124011221{padding-top: 0px !important;padding-bottom: 60px !important;background-color: #ffffff !important;}&#8221; el_class=&#8221;list-style1&#8243;][vc_column mobile_pt=&#8221;padding-xs-50t&#8221; mobile_pb=&#8221;padding-xs-50b&#8221; css=&#8221;.vc_custom_1753123900277{background-image: url(https:\/\/albimobles.com\/wp-content\/uploads\/2020\/09\/Ed_Albi.jpg?id=5252) !important;background-position: center !important;background-repeat: no-repeat !important;background-size: cover !important;}&#8221; offset=&#8221;vc_col-lg-6 vc_col-md-6 vc_col-xs-12&#8243;][\/vc_column][vc_column width=&#8221;1\/2&#8243; css=&#8221;.vc_custom_1753123412612{padding-top: 40px !important;padding-right: 40px !important;padding-bottom: 40px !important;padding-left: 40px !important;background-color: #F0F0F0 !important;}&#8221;][vc_empty_space height=&#8221;200px&#8221;][vc_column_text css=&#8221;&#8221;]<\/p>\n<div class=\"content-item\">\n<h2>Dise\u00f1o, calidad y continua renovaci\u00f3n<\/h2>\n<div>En X\u00e0bia, Albi Mobles es sin\u00f3nimo de dise\u00f1o, calidad y de continua renovaci\u00f3n.<\/div>\n<div>Tres generaciones de profesionales dedicados al mundo del mueble y la decoraci\u00f3n nos avalan y garantizan excelentes resultados en todos nuestros proyectos. La satisfacci\u00f3n del cliente, de sus ilusiones, de sus necesidades es lo que realmente nos importa.<\/div>\n<p>&nbsp;<\/p>\n<div>Innovar, crecer e insistir todav\u00eda m\u00e1s en la atenci\u00f3n personalizada que nos ha caracterizado y nos caracteriza son las l\u00edneas maestras que nuestro equipo se propone perseguir para mantenernos lideres en estos tiempos de cambio.<\/div>\n<\/div>\n<div class=\"content-item\"><\/div>\n<p>[\/vc_column_text][vc_empty_space height=&#8221;200px&#8221;][\/vc_column][\/vc_row][vc_row full_width=&#8221;stretch_row&#8221; css=&#8221;.vc_custom_1556046686540{padding-top: 60px !important;padding-bottom: 60px !important;background-color: #ffffff !important;}&#8221; el_class=&#8221;list-style1&#8243;][vc_column width=&#8221;1\/2&#8243;][vc_column_text]Desde Albi Mobles te ofrecemos toda la ayuda que necesites para amueblar y decorar tu hogar. En esta web encontrar\u00e1s una peque\u00f1a selecci\u00f3n de nuestro cat\u00e1logo de muebles (dormitorios, sof\u00e1s, salones, etc.) y decoraci\u00f3n (alfombras, iluminaci\u00f3n, etc.), pero disponemos de un extenso abanico de productos para ofrecerte.<\/p>\n<p>No dudes en contactar con nosotros para solicitar un presupuesto sin compromiso, o para solicitarnos informaci\u00f3n sobre alg\u00fan producto en particular. Estaremos encantados de ayudarte.[\/vc_column_text][\/vc_column][vc_column width=&#8221;1\/2&#8243;][vc_column_text]<\/p>\n<div class=\"content-item\">\n<h3 class=\"title\" style=\"text-align: left;\">Direcci\u00f3n:<\/h3>\n<div class=\"address\" style=\"text-align: right;\">Calle Pr\u00edncipe de Asturias, 16<\/div>\n<\/div>\n<div class=\"content-item\" style=\"text-align: left;\">\n<h3 class=\"title\">Tel\u00e9fono:<\/h3>\n<p style=\"text-align: right;\"><a class=\"email\" href=\"tel:(+34) 96 579 00 89\">(+34) 96 579 00 89<\/a><\/p>\n<\/div>\n<div class=\"content-item\">\n<h3 class=\"title\" style=\"text-align: left;\">Email:<\/h3>\n<p style=\"text-align: right;\"><a class=\"email\" href=\"mailto:info@albimobles.com\">info@albimobles.com<\/a><\/p>\n<\/div>\n<p>[\/vc_column_text][\/vc_column][\/vc_row]<\/p>\n<p><\/p>\n<\/div>","protected":false},"excerpt":{"rendered":"<p>[vc_row full_width=&#8221;stretch_row&#8221; equal_height=&#8221;yes&#8221; css=&#8221;.vc_custom_1753124011221{padding-top: 0px !important;padding-bottom: 60px !important;background-color: #ffffff !important;}&#8221; el_class=&#8221;list-style1&#8243;][vc_column mobile_pt=&#8221;padding-xs-50t&#8221; mobile_pb=&#8221;padding-xs-50b&#8221; css=&#8221;.vc_custom_1753123900277{background-image: url(https:\/\/albimobles.com\/wp-content\/uploads\/2020\/09\/Ed_Albi.jpg?id=5252) !important;background-position: center !important;background-repeat: no-repeat !important;background-size: cover !important;}&#8221; offset=&#8221;vc_col-lg-6 vc_col-md-6 vc_col-xs-12&#8243;][\/vc_column][vc_column width=&#8221;1\/2&#8243; css=&#8221;.vc_custom_1753123412612{padding-top: 40px !important;padding-right: 40px !important;padding-bottom: 40px !important;padding-left: 40px !important;background-color: #F0F0F0 !important;}&#8221;][vc_empty_space height=&#8221;200px&#8221;][vc_column_text css=&#8221;&#8221;] Dise\u00f1o, calidad y continua renovaci\u00f3n En X\u00e0bia, Albi Mobles es sin\u00f3nimo de dise\u00f1o, calidad y de [&hellip;]<\/p>\n","protected":false},"author":1,"featured_media":0,"parent":0,"menu_order":0,"comment_status":"closed","ping_status":"closed","template":"","meta":{"footnotes":""},"class_list":["post-3475","page","type-page","status-publish","hentry"],"yoast_head":"<!-- This site is optimized with the Yoast SEO plugin v27.4 - https:\/\/yoast.com\/product\/yoast-seo-wordpress\/ -->\n<title>Albi Mobles - Albi Mobles<\/title>\n<meta name=\"description\" content=\"(Espa\u00f1ol) En X\u00e0bia, Albi Mobles es sin\u00f3nimo de dise\u00f1o, calidad y de continua renovaci\u00f3n.Tres generaciones de profesionales dedicados al mundo del mueble y la decoraci\u00f3n nos avalan y garantizan excelentes resultados en todos nuestros proyectos. La satisfacci\u00f3n del cliente, de sus ilusiones, de sus necesidades es lo que realmente nos importa.\" \/>\n<meta name=\"robots\" content=\"index, follow, max-snippet:-1, max-image-preview:large, max-video-preview:-1\" \/>\n<link rel=\"canonical\" href=\"https:\/\/albimobles.com\/en\/albi-mobles\/\" \/>\n<meta property=\"og:locale\" content=\"en_US\" \/>\n<meta property=\"og:type\" content=\"article\" \/>\n<meta property=\"og:title\" content=\"Albi Mobles - Albi Mobles\" \/>\n<meta property=\"og:description\" content=\"(Espa\u00f1ol) En X\u00e0bia, Albi Mobles es sin\u00f3nimo de dise\u00f1o, calidad y de continua renovaci\u00f3n.Tres generaciones de profesionales dedicados al mundo del mueble y la decoraci\u00f3n nos avalan y garantizan excelentes resultados en todos nuestros proyectos. La satisfacci\u00f3n del cliente, de sus ilusiones, de sus necesidades es lo que realmente nos importa.\" \/>\n<meta property=\"og:url\" content=\"https:\/\/albimobles.com\/en\/albi-mobles\/\" \/>\n<meta property=\"og:site_name\" content=\"Albi Mobles\" \/>\n<meta property=\"article:publisher\" content=\"https:\/\/es-es.facebook.com\/AlbiMobles\/\" \/>\n<meta property=\"article:modified_time\" content=\"2025-10-27T17:46:33+00:00\" \/>\n<meta name=\"twitter:card\" content=\"summary_large_image\" \/>\n<meta name=\"twitter:label1\" content=\"Est. reading time\" \/>\n\t<meta name=\"twitter:data1\" content=\"2 minutes\" \/>\n<script type=\"application\/ld+json\" class=\"yoast-schema-graph\">{\"@context\":\"https:\\\/\\\/schema.org\",\"@graph\":[{\"@type\":\"WebPage\",\"@id\":\"https:\\\/\\\/albimobles.com\\\/en\\\/albi-mobles\\\/\",\"url\":\"https:\\\/\\\/albimobles.com\\\/en\\\/albi-mobles\\\/\",\"name\":\"Albi Mobles - Albi Mobles\",\"isPartOf\":{\"@id\":\"https:\\\/\\\/albimobles.com\\\/en\\\/#website\"},\"datePublished\":\"2018-01-16T16:08:18+00:00\",\"dateModified\":\"2025-10-27T17:46:33+00:00\",\"description\":\"(Espa\u00f1ol) En X\u00e0bia, Albi Mobles es sin\u00f3nimo de dise\u00f1o, calidad y de continua renovaci\u00f3n.Tres generaciones de profesionales dedicados al mundo del mueble y la decoraci\u00f3n nos avalan y garantizan excelentes resultados en todos nuestros proyectos. La satisfacci\u00f3n del cliente, de sus ilusiones, de sus necesidades es lo que realmente nos importa.\",\"breadcrumb\":{\"@id\":\"https:\\\/\\\/albimobles.com\\\/en\\\/albi-mobles\\\/#breadcrumb\"},\"inLanguage\":\"en-US\",\"potentialAction\":[{\"@type\":\"ReadAction\",\"target\":[[\"https:\\\/\\\/albimobles.com\\\/en\\\/albi-mobles\\\/\"]]}]},{\"@type\":\"BreadcrumbList\",\"@id\":\"https:\\\/\\\/albimobles.com\\\/en\\\/albi-mobles\\\/#breadcrumb\",\"itemListElement\":[{\"@type\":\"ListItem\",\"position\":1,\"name\":\"Home\",\"item\":\"https:\\\/\\\/albimobles.com\\\/en\\\/\"},{\"@type\":\"ListItem\",\"position\":2,\"name\":\"Albi Mobles\"}]},{\"@type\":\"WebSite\",\"@id\":\"https:\\\/\\\/albimobles.com\\\/en\\\/#website\",\"url\":\"https:\\\/\\\/albimobles.com\\\/en\\\/\",\"name\":\"Albi Mobles | Muebles y decoraci\u00f3n en J\u00e1vea \\\/ X\u00e0bia\",\"description\":\"Furniture and decoration in J\u00e1vea \\\/ X\u00e0bia\",\"publisher\":{\"@id\":\"https:\\\/\\\/albimobles.com\\\/en\\\/#organization\"},\"potentialAction\":[{\"@type\":\"SearchAction\",\"target\":{\"@type\":\"EntryPoint\",\"urlTemplate\":\"https:\\\/\\\/albimobles.com\\\/en\\\/?s={search_term_string}\"},\"query-input\":{\"@type\":\"PropertyValueSpecification\",\"valueRequired\":true,\"valueName\":\"search_term_string\"}}],\"inLanguage\":\"en-US\"},{\"@type\":\"Organization\",\"@id\":\"https:\\\/\\\/albimobles.com\\\/en\\\/#organization\",\"name\":\"Albi Mobles\",\"url\":\"https:\\\/\\\/albimobles.com\\\/en\\\/\",\"logo\":{\"@type\":\"ImageObject\",\"inLanguage\":\"en-US\",\"@id\":\"https:\\\/\\\/albimobles.com\\\/en\\\/#\\\/schema\\\/logo\\\/image\\\/\",\"url\":\"https:\\\/\\\/albimobles.com\\\/wp-content\\\/uploads\\\/2019\\\/04\\\/logo.png\",\"contentUrl\":\"https:\\\/\\\/albimobles.com\\\/wp-content\\\/uploads\\\/2019\\\/04\\\/logo.png\",\"width\":156,\"height\":99,\"caption\":\"Albi Mobles\"},\"image\":{\"@id\":\"https:\\\/\\\/albimobles.com\\\/en\\\/#\\\/schema\\\/logo\\\/image\\\/\"},\"sameAs\":[\"https:\\\/\\\/es-es.facebook.com\\\/AlbiMobles\\\/\"]}]}<\/script>\n<!-- \/ Yoast SEO plugin. -->","yoast_head_json":{"title":"Albi Mobles - Albi Mobles","description":"(Espa\u00f1ol) En X\u00e0bia, Albi Mobles es sin\u00f3nimo de dise\u00f1o, calidad y de continua renovaci\u00f3n.Tres generaciones de profesionales dedicados al mundo del mueble y la decoraci\u00f3n nos avalan y garantizan excelentes resultados en todos nuestros proyectos. La satisfacci\u00f3n del cliente, de sus ilusiones, de sus necesidades es lo que realmente nos importa.","robots":{"index":"index","follow":"follow","max-snippet":"max-snippet:-1","max-image-preview":"max-image-preview:large","max-video-preview":"max-video-preview:-1"},"canonical":"https:\/\/albimobles.com\/en\/albi-mobles\/","og_locale":"en_US","og_type":"article","og_title":"Albi Mobles - Albi Mobles","og_description":"(Espa\u00f1ol) En X\u00e0bia, Albi Mobles es sin\u00f3nimo de dise\u00f1o, calidad y de continua renovaci\u00f3n.Tres generaciones de profesionales dedicados al mundo del mueble y la decoraci\u00f3n nos avalan y garantizan excelentes resultados en todos nuestros proyectos. La satisfacci\u00f3n del cliente, de sus ilusiones, de sus necesidades es lo que realmente nos importa.","og_url":"https:\/\/albimobles.com\/en\/albi-mobles\/","og_site_name":"Albi Mobles","article_publisher":"https:\/\/es-es.facebook.com\/AlbiMobles\/","article_modified_time":"2025-10-27T17:46:33+00:00","twitter_card":"summary_large_image","twitter_misc":{"Est. reading time":"2 minutes"},"schema":{"@context":"https:\/\/schema.org","@graph":[{"@type":"WebPage","@id":"https:\/\/albimobles.com\/en\/albi-mobles\/","url":"https:\/\/albimobles.com\/en\/albi-mobles\/","name":"Albi Mobles - Albi Mobles","isPartOf":{"@id":"https:\/\/albimobles.com\/en\/#website"},"datePublished":"2018-01-16T16:08:18+00:00","dateModified":"2025-10-27T17:46:33+00:00","description":"(Espa\u00f1ol) En X\u00e0bia, Albi Mobles es sin\u00f3nimo de dise\u00f1o, calidad y de continua renovaci\u00f3n.Tres generaciones de profesionales dedicados al mundo del mueble y la decoraci\u00f3n nos avalan y garantizan excelentes resultados en todos nuestros proyectos. La satisfacci\u00f3n del cliente, de sus ilusiones, de sus necesidades es lo que realmente nos importa.","breadcrumb":{"@id":"https:\/\/albimobles.com\/en\/albi-mobles\/#breadcrumb"},"inLanguage":"en-US","potentialAction":[{"@type":"ReadAction","target":[["https:\/\/albimobles.com\/en\/albi-mobles\/"]]}]},{"@type":"BreadcrumbList","@id":"https:\/\/albimobles.com\/en\/albi-mobles\/#breadcrumb","itemListElement":[{"@type":"ListItem","position":1,"name":"Home","item":"https:\/\/albimobles.com\/en\/"},{"@type":"ListItem","position":2,"name":"Albi Mobles"}]},{"@type":"WebSite","@id":"https:\/\/albimobles.com\/en\/#website","url":"https:\/\/albimobles.com\/en\/","name":"Albi Mobles | Muebles y decoraci\u00f3n en J\u00e1vea \/ X\u00e0bia","description":"Furniture and decoration in J\u00e1vea \/ X\u00e0bia","publisher":{"@id":"https:\/\/albimobles.com\/en\/#organization"},"potentialAction":[{"@type":"SearchAction","target":{"@type":"EntryPoint","urlTemplate":"https:\/\/albimobles.com\/en\/?s={search_term_string}"},"query-input":{"@type":"PropertyValueSpecification","valueRequired":true,"valueName":"search_term_string"}}],"inLanguage":"en-US"},{"@type":"Organization","@id":"https:\/\/albimobles.com\/en\/#organization","name":"Albi Mobles","url":"https:\/\/albimobles.com\/en\/","logo":{"@type":"ImageObject","inLanguage":"en-US","@id":"https:\/\/albimobles.com\/en\/#\/schema\/logo\/image\/","url":"https:\/\/albimobles.com\/wp-content\/uploads\/2019\/04\/logo.png","contentUrl":"https:\/\/albimobles.com\/wp-content\/uploads\/2019\/04\/logo.png","width":156,"height":99,"caption":"Albi Mobles"},"image":{"@id":"https:\/\/albimobles.com\/en\/#\/schema\/logo\/image\/"},"sameAs":["https:\/\/es-es.facebook.com\/AlbiMobles\/"]}]}},"_links":{"self":[{"href":"https:\/\/albimobles.com\/en\/wp-json\/wp\/v2\/pages\/3475","targetHints":{"allow":["GET"]}}],"collection":[{"href":"https:\/\/albimobles.com\/en\/wp-json\/wp\/v2\/pages"}],"about":[{"href":"https:\/\/albimobles.com\/en\/wp-json\/wp\/v2\/types\/page"}],"author":[{"embeddable":true,"href":"https:\/\/albimobles.com\/en\/wp-json\/wp\/v2\/users\/1"}],"replies":[{"embeddable":true,"href":"https:\/\/albimobles.com\/en\/wp-json\/wp\/v2\/comments?post=3475"}],"version-history":[{"count":72,"href":"https:\/\/albimobles.com\/en\/wp-json\/wp\/v2\/pages\/3475\/revisions"}],"predecessor-version":[{"id":7208,"href":"https:\/\/albimobles.com\/en\/wp-json\/wp\/v2\/pages\/3475\/revisions\/7208"}],"wp:attachment":[{"href":"https:\/\/albimobles.com\/en\/wp-json\/wp\/v2\/media?parent=3475"}],"curies":[{"name":"wp","href":"https:\/\/api.w.org\/{rel}","templated":true}]}}